{"id":28,"date":"2022-05-06T22:39:56","date_gmt":"2022-05-06T22:39:56","guid":{"rendered":"https:\/\/wordpress.viu.ca\/duncan\/?page_id=28"},"modified":"2025-08-15T22:18:39","modified_gmt":"2025-08-15T22:18:39","slug":"publications","status":"publish","type":"page","link":"https:\/\/wordpress.viu.ca\/duncan\/publications\/","title":{"rendered":"Publications"},"content":{"rendered":"\n<div class=\"wp-block-buttons is-content-justification-center is-layout-flex wp-container-core-buttons-is-layout-fe48e5de wp-block-buttons-is-layout-flex\">\n<div class=\"wp-block-button is-style-outline is-style-outline--1\"><a class=\"wp-block-button__link wp-element-button\" href=\"https:\/\/scholar.google.ca\/citations?user=cu6ckowAAAAJ&amp;hl=en&amp;oi=sra\">Google Scholar<\/a><\/div>\n<\/div>\n\n\n\n<p class=\"wp-block-paragraph\"><\/p>\n\n\n\n<p class=\"wp-block-paragraph\">25. N. Woytowich, C. Roberts, P. Ankley, M. Brinkmann, E. Krogh, K. D. Duncan, Uncovering spatially resolved 6PPD-Q metabolism in rainbow trout fry with nano-DESI mass spectrometry imaging,<em> Environ. Sci. Technol. Lett.,<\/em> <strong>2025<\/strong>,12, 937-944.<\/p>\n\n\n\n<p class=\"wp-block-paragraph\">24. J. Monaghan, K. Nguyen, N. Woytowich, A. Keyowski, and K. D. Duncan, imzML Writer: An Easy-to-Use Python Pipeline for Conversion of Continuous Data Acquisition Raw Mass Spectrometry Imaging Data to Standard imzML Format, <em>Anal. Chem.<\/em>, <strong>2025<\/strong>, 97, 11, 5932\u20135937.<\/p>\n\n\n\n<p class=\"wp-block-paragraph\">23. K. Nguyen, G. Carleton, J. Lum, and K. D. Duncan, Expanding spatial metabolomics coverage with lithium doped nanospray desorption electrospray ionization mass spectrometry imaging, <em>Anal. Chem.<\/em>, <strong>2024,<\/strong> 96, 18427-18436.<\/p>\n\n\n\n<p class=\"wp-block-paragraph\">22. K. D. Duncan, H. P\u011btro\u0161ov\u00e1, J. Lum, D. Goodlett, Mass spectrometry imaging methods for visualizing tumor heterogeneity, <em>Curr. Opin. Biotechnol.<\/em>, <strong>2024<\/strong>, 86: 103068. <\/p>\n\n\n\n<p class=\"wp-block-paragraph\">21. S. MacPherson, K. D. Duncan, D. R. Goodlett, J. Lum, Strategies for uncovering stable isotope tracing patterns between cell populations, <em>Curr. Opin. Biotechnol<\/em>., <strong>2023<\/strong>, 83, 102991.<\/p>\n\n\n\n<p class=\"wp-block-paragraph\">20. J. Lillja,<strong> <\/strong>K. D. Duncan and I. Lanekoff, Ion-to-image, i2i, a new mass spectrometry imaging data analysis platform for continuous ionization techniques, <em>Anal. Chem.<\/em>, <strong>2023<\/strong>, 95, 31, 11589-11595.<\/p>\n\n\n\n<p class=\"wp-block-paragraph\">19. C. Marques, K. D. Duncan, I. Lanekoff, A Direct Infusion Probe for Rapid Metabolomics of Low-Volume Samples, <em>Anal. Chem.,<\/em> <strong>2022<\/strong>, 12875-12883.<\/p>\n\n\n\n<p class=\"wp-block-paragraph\">18. K. D. Duncan, J. A. Hawkes, M. Berg, B. Clarijs, C. G. Gill, I. Lanekoff, E. Krogh, Membrane sampling separates naphthenic acids from biogenic dissolved organic matter for direct analysis by mass spectrometry, <em>Environ. Sci. Technol.,<\/em> <strong>2022<\/strong>,56, 5, 3096-3105.<\/p>\n\n\n\n<p class=\"wp-block-paragraph\">17. L. Mavroudakis, K. D. Duncan, I. Lanekoff, Mass spectrometry imaging with host-guest chemistry for the determination of Na<sup>+<\/sup> and K<sup>+<\/sup> directly from tissue sections, <em>Anal. Chem.<\/em>, <strong>2022<\/strong>, 94, 2391-2398.<\/p>\n\n\n\n<p class=\"wp-block-paragraph\">16. K. D. Duncan, X. Sun, E. Baker, S. K. Dey, and I. Lanekoff, In situ imaging reveals disparity between prostaglandin localization and abundance of prostaglandin synthases, <em>Commun. Biol.<\/em>, <strong>2021<\/strong>, 966, 1-9.<\/p>\n\n\n\n<p class=\"wp-block-paragraph\">15. L. Mavroudakis, S. Stevens, K. D. Duncan, M. Stenzel-Poore, J. Laskin, I. Lanekoff, CpG preconditioning reduces accumulation of lysophosphatidylcholine in ischemic brain tissue after middle cerebral artery occlusion, <em>Anal. Bioanal. Chem.<\/em>, <strong>2021<\/strong>, 413, 2735-2745<em>.<\/em><\/p>\n\n\n\n<p class=\"wp-block-paragraph\">14. J. Lillja, K. D. Duncan, I. Lanekoff, Determination of mono-unsaturated fatty acid isomers in biological systems by modelling MS<sup>3<\/sup> product ion patterns, <em>J. Am. Soc. Mass Spectrom.<\/em>, <strong>2020<\/strong>, 31, 2479-2487.<\/p>\n\n\n\n<p class=\"wp-block-paragraph\">13.<strong> <\/strong>K. D. Duncan, L. C. Richards, J. Monaghan, D. R. Letourneau, V. Friesen, M. Simair, C. Ajaero, K. M. Peru, J. Headley, C. G. Gill, E. T. Krogh, Direct Analysis of Naphthenic Acids in Constructed Wetland Samples by Condensed Phase Membrane Introduction Mass Spectrometry, <em>Sci, Total. Environ.<\/em>, <strong>2020<\/strong>, 716, 137063.<\/p>\n\n\n\n<p class=\"wp-block-paragraph\">12. K. D. Duncan, I. Lanekoff, Spatially defined surface sampling capillary electrophoresis mass spectrometry, <em>Anal. Chem.<\/em>, <strong>2019<\/strong>, 91, 7819 &#8211; 7827.<\/p>\n\n\n\n<p class=\"wp-block-paragraph\">11. K. D. Duncan, J. Fyrestram, I. Lanekoff, Advances in mass spectrometry based single-cell metabolomics, <em>Analyst<\/em>, <strong>2018<\/strong>, 144, 782-793.<\/p>\n\n\n\n<ul class=\"wp-block-list\">\n<li>Top 10 most accesses article from <em>Analyst<\/em> in 2019<\/li>\n<\/ul>\n\n\n\n<p class=\"wp-block-paragraph\">10. K. D. Duncan, D. Beach, T. Barsby, C. G. Gill, E. T. Krogh, Rapid online quantitation of total microcystins by measuring 2-methyl-3-methoxy-4-phenyl butanoic acid (MMPB) with condensed phase membrane introduction tandem mass spectrometry, <em>Anal. Methods<\/em>, <strong>2018<\/strong>, 10, 3310-3316.<\/p>\n\n\n\n<p class=\"wp-block-paragraph\">9. K. D. Duncan, R. Fang, J. Yuan, R. K. Chu, S. K. Dey, K. E. Burnum-Johnson, I. Lanekoff, Quantitative mass spectrometry imaging of prostaglandins as silver ion adducts with nanospray desorption electrospray ionization, <em>Anal. Chem.,<\/em> <strong>2018<\/strong>, 90, 7246-7252.<\/p>\n\n\n\n<ul class=\"wp-block-list\">\n<li>Selected to be featured on the front cover of <em>Analytical Chemistry<\/em><\/li>\n<\/ul>\n\n\n\n<p class=\"wp-block-paragraph\">8. K. D. Duncan, I. Lanekoff, Oversampling to improve spatial resolution for liquid extraction mass spectrometry imaging, <em>Anal Chem.<\/em>, <strong>2018<\/strong>, 90, 2451-2455.<\/p>\n\n\n\n<p class=\"wp-block-paragraph\">7. K. D. Duncan, H. Bergman, I. Lanekoff, A pneumatically assisted nanospray desorption electrospray ionization source for increased solvent versatility and enhanced metabolite detection from tissue, <em>Analyst<\/em>, <strong>2017<\/strong>, 142, 3424-3431.<\/p>\n\n\n\n<ul class=\"wp-block-list\">\n<li>Selected by editor as top 10% of accepted articles in Analyst and featured in Recent Hot Articles 2017<\/li>\n<\/ul>\n\n\n\n<p class=\"wp-block-paragraph\">6.<strong> <\/strong>K. D. Duncan, D. A. Volmer, C. G. Gill, E. T. Krogh, Rapid screening of carboxylic acids from waste and surface waters by ESI-MS\/MS using barium ion chemistry and on-line membrane sampling, <em>J. Am. Soc. Mass Spectrom.<\/em>, <strong>2016<\/strong>, 27, 443-450.<\/p>\n\n\n\n<p class=\"wp-block-paragraph\">5. K. D. Duncan, D. R. Letourneau, G. W. Vandergrift, K. Jobst, E. Reiner, C. G. Gill, E. T. Krogh, A semi-quantitative approach for the rapid screening and mass profiling of naphthenic acids directly from contaminated aqueous samples, <em>J. Mass Spectrom.<\/em>, <strong>2016<\/strong>, 51, 44-52.<\/p>\n\n\n\n<p class=\"wp-block-paragraph\">4. K. D. Duncan, G. W. Vandergrift, E. T. Krogh, and C. G. Gill, Ionization suppression effects with condensed phase membrane introduction mass spectrometry: methods to increase the linear dynamic range and sensitivity, <em>J. Mass Spectrom., <\/em><strong>2015<\/strong>, 50, 437-443.<\/p>\n\n\n\n<p class=\"wp-block-paragraph\">3. M. D. Willis, K. D. Duncan, E. T. Krogh, and C. G. Gill, Delicate Polydimethylsiloxane Hollow Fibre Membrane Interfaces for Condensed Phase Membrane Introduction Mass Spectrometry (CP-MIMS), <em>Rapid Commun. Mass Spectrom., <\/em><strong>2014<\/strong>, 28, 671-681.<\/p>\n\n\n\n<p class=\"wp-block-paragraph\">2. K. D. Duncan, M. D. Willis, E. T. Krogh, and C. G. Gill, A Miniature Condensed Phase Membrane Introduction Mass Spectrometry (CP-MIMS) Probe for Direct and On-Line Measurements of Pharmaceuticals and Contaminants in Small, Complex Samples, <em>Rapid Commun. Mass Spectrom.<\/em>, <strong>2013, <\/strong>27, 1213-1221.<\/p>\n\n\n\n<p class=\"wp-block-paragraph\">1. K. D. Duncan, E. P. McCauley, E. T. Krogh, and C. G. Gill.Characterization of a condensed phase membrane introduction mass spectrometry (CP-MIMS) interface using a methanol acceptor phase coupled with electrospray ionization for the continuous on-line quantitation of polar, low-volatility analytes at trace levels in complex aqueous samples, <em>Rapid Commun. Mass Spectrom.<\/em>, <strong>2011<\/strong>, 25, 1141-1151.<\/p>\n\n\n\n<p class=\"wp-block-paragraph\" style=\"font-size:35px\"><strong>Book Chapters<\/strong><\/p>\n\n\n\n<p class=\"wp-block-paragraph\">2. K. D. Duncan and I. Lanekoff, State-of-the-art CE-MS methods for analyzing the polar metabolome, R. Ramautar (Ed.), Advanced Analytical Techniques for Probing the Polar Metabolome, Royal Society for Chemistry, <strong>2021<\/strong>. Pages 125-164.<\/p>\n\n\n\n<p class=\"wp-block-paragraph\">1. H. Bergman, K. D. Duncan, I. Lanekoff, Single-Cell Mass Spectrometry, <em>Encyclopedia of Analytical Chemistry<\/em>, R. A. Meyers (Ed.), <strong>2018,<\/strong> doi:10.1002\/9780470027318.a9580.<\/p>\n\n\n\n<p class=\"wp-block-paragraph\"><\/p>\n","protected":false},"excerpt":{"rendered":"<p>25. N. Woytowich, C. Roberts, P. Ankley, M. Brinkmann, E. Krogh, K. D. Duncan, Uncovering spatially resolved 6PPD-Q metabolism in rainbow trout fry with nano-DESI mass spectrometry imaging, Environ. Sci. Technol. Lett., 2025,12, 937-944. 24. J. Monaghan, K. Nguyen, N. Woytowich, A. Keyowski, and K. D. Duncan, imzML Writer: An Easy-to-Use Python Pipeline for Conversion [&hellip;]<\/p>\n","protected":false},"author":4566,"featured_media":0,"parent":0,"menu_order":3,"comment_status":"closed","ping_status":"closed","template":"","meta":{"_crdt_document":"","footnotes":""},"class_list":["post-28","page","type-page","status-publish","hentry","post"],"_links":{"self":[{"href":"https:\/\/wordpress.viu.ca\/duncan\/wp-json\/wp\/v2\/pages\/28","targetHints":{"allow":["GET"]}}],"collection":[{"href":"https:\/\/wordpress.viu.ca\/duncan\/wp-json\/wp\/v2\/pages"}],"about":[{"href":"https:\/\/wordpress.viu.ca\/duncan\/wp-json\/wp\/v2\/types\/page"}],"author":[{"embeddable":true,"href":"https:\/\/wordpress.viu.ca\/duncan\/wp-json\/wp\/v2\/users\/4566"}],"replies":[{"embeddable":true,"href":"https:\/\/wordpress.viu.ca\/duncan\/wp-json\/wp\/v2\/comments?post=28"}],"version-history":[{"count":14,"href":"https:\/\/wordpress.viu.ca\/duncan\/wp-json\/wp\/v2\/pages\/28\/revisions"}],"predecessor-version":[{"id":391,"href":"https:\/\/wordpress.viu.ca\/duncan\/wp-json\/wp\/v2\/pages\/28\/revisions\/391"}],"wp:attachment":[{"href":"https:\/\/wordpress.viu.ca\/duncan\/wp-json\/wp\/v2\/media?parent=28"}],"curies":[{"name":"wp","href":"https:\/\/api.w.org\/{rel}","templated":true}]}}