{"id":278,"date":"2026-05-06T11:57:37","date_gmt":"2026-05-06T18:57:37","guid":{"rendered":"https:\/\/wordpress.viu.ca\/pallit\/?page_id=278"},"modified":"2026-05-06T15:20:26","modified_gmt":"2026-05-06T22:20:26","slug":"watermelon-seeds-3","status":"publish","type":"page","link":"https:\/\/wordpress.viu.ca\/pallit\/watermelon-seeds-3\/","title":{"rendered":"Watermelon Seeds Festival of Literature 3"},"content":{"rendered":"\n<figure class=\"wp-block-image alignfull size-large\"><img loading=\"lazy\" decoding=\"async\" width=\"1810\" height=\"2560\" src=\"https:\/\/wordpress.viu.ca\/pallit\/files\/2026\/05\/Watermelon-seeds-three-web-max1-scaled-1.png\" alt=\"\" class=\"wp-image-300\" srcset=\"https:\/\/wordpress.viu.ca\/pallit\/files\/2026\/05\/Watermelon-seeds-three-web-max1-scaled-1.png 1810w, https:\/\/wordpress.viu.ca\/pallit\/files\/2026\/05\/Watermelon-seeds-three-web-max1-scaled-1-212x300.png 212w, https:\/\/wordpress.viu.ca\/pallit\/files\/2026\/05\/Watermelon-seeds-three-web-max1-scaled-1-724x1024.png 724w, https:\/\/wordpress.viu.ca\/pallit\/files\/2026\/05\/Watermelon-seeds-three-web-max1-scaled-1-768x1086.png 768w, https:\/\/wordpress.viu.ca\/pallit\/files\/2026\/05\/Watermelon-seeds-three-web-max1-scaled-1-1086x1536.png 1086w, https:\/\/wordpress.viu.ca\/pallit\/files\/2026\/05\/Watermelon-seeds-three-web-max1-scaled-1-1448x2048.png 1448w, https:\/\/wordpress.viu.ca\/pallit\/files\/2026\/05\/Watermelon-seeds-three-web-max1-scaled-1-1440x2037.png 1440w\" sizes=\"auto, (max-width: 1810px) 100vw, 1810px\" \/><figcaption class=\"wp-element-caption\"><em>piece by piece<\/em> (24 x 30, acrylic and oil stick on canvas) by <a href=\"http:\/\/www.chanteydayal.com\" data-type=\"link\" data-id=\"http:\/\/www.chanteydayal.com\">Chantey Dayal<\/a><\/figcaption><\/figure>\n\n\n\n<p class=\"has-text-align-center\"><a href=\"https:\/\/chuffed.org\/project\/viustudentlegalfund\">Link to the students\u2019 legal defence fund<\/a>.<\/p>\n\n\n\n<p>Third annual <strong>Watermelon Seeds Festival of Literature<\/strong>. Internationally acclaimed and award-winning writers read in solidarity with the Palestinian people in a time of genocide. The Festival features <strong>Batool Abu Akleen<\/strong> (<em>48Kg.<\/em>), <strong>Sarah Aziza<\/strong> (<em>The Hollow Half<\/em>), <strong>Jess Housty<\/strong> (<em>Crushed Wild Mint<\/em>), <strong>Sara Kishawi<\/strong>, <strong>Hajer Mirwali<\/strong> (<em>Revolutions<\/em>), <strong>Magnolia Pauker<\/strong> (<em>InterViews in Performance Philosophy<\/em>), <strong>Zeina Sleiman<\/strong> (<em>Where the Jasmine Blooms<\/em>), and <strong>Smokii Sumac<\/strong> (<em>Born Sacred<\/em>). A hybrid event with readings by video and an interview on site.<\/p>\n\n\n\n<p><strong>WHERE<\/strong>: Gustafson Theatre (B355, R203), Vancouver Island University, 900 Fifth St, Nanaimo, BC, V9R 5S5, on the land of the Snuneymuxw First Nation | and by live video stream; <a href=\"https:\/\/us06web.zoom.us\/webinar\/register\/WN_c-TUIEwxTRO-v9f0EQmwkA\">click here to register for the livestream<\/a><\/p>\n\n\n\n<p><strong>WHEN<\/strong>: Saturday, 23 May 2026, at 12:00 PM Pacific time<\/p>\n\n\n\n<p><strong>ADMISSION<\/strong>: Free and open to the public<\/p>\n\n\n\n<p>Following the success of <a href=\"https:\/\/wordpress.viu.ca\/pallit\/watermelon-seeds-2\/\" data-type=\"page\" data-id=\"231\">the second Watermelon Seeds Festivals of Literature<\/a>, the third annual Festival will take place in the Gustafson Theatre at Vancouver Island University on 23 May 2026. <a href=\"https:\/\/wordpress.viu.ca\/pallit\/watermelon-seeds\/\" data-type=\"page\" data-id=\"6\">The inaugural grassroots Festival<\/a> took place in May 2024, and it featured authors reading in support of student protesters in the Palestine Solidarity Encampment in the exercise of their rights to free expression and peaceful assembly. The mandate of the third Festival is to commemorate the second anniversary of the Encampment and to witness the ongoing genocide in Gaza; it also seeks to foster connections between literatures from Palestine and Turtle Island, and to promote intercultural understanding. It is partly inspired by the <a href=\"https:\/\/www.palfest.org\/\">Palestine Festival of Literature<\/a>, in which international authors combine with their Palestinian counterparts for an act of cultural solidarity. The Watermelon Seeds Festival of Literature is sponsored by <a href=\"https:\/\/ah.viu.ca\/creative-writing-and-journalism\">VIU\u2019s Department of Creative Writing and Journalism<\/a>, <a href=\"https:\/\/www.instagram.com\/viu_mwc\/\">VIU\u2019s Muslim Women\u2019s Club<\/a>, <a href=\"https:\/\/www.instagram.com\/pse_viu\/\">VIU\u2019s Palestine Solidarity Encampment<\/a>, <a href=\"https:\/\/www.instagram.com\/sfpc_nanaimo\/\">Nanaimo\u2019s Students for Palestine Committee<\/a>, <a href=\"https:\/\/wordpress.viu.ca\/faculty4students4palestine\/statement-re-the-pse\/\">VIU\u2019s Faculty and Employees for Students for Palestine Committee<\/a>, <a href=\"https:\/\/www.viufa.ca\/\">VIUFA\u2019s Human Rights and International Solidarity Committee<\/a>, <a href=\"https:\/\/www.viufa.ca\/\">VIUFA\u2019s Women and Gender Equity Committee<\/a>, and <a href=\"https:\/\/windowseatbooks.ca\/\">Windowseat Books<\/a>.<\/p>\n\n\n\n<p class=\"has-text-align-center\">The Festival\u2019s participants are:<\/p>\n\n\n\n<p><strong>Batool Abu Akleen<\/strong> (<a href=\"https:\/\/tenementpress.com\/Batool-Abu-Akleen\"><em>48Kg. \/ <\/em><em>\u0664\u0668 \u0643\u063a\u0645<\/em><\/a>, Tenement Press, 2025) is a Palestinian poet and translator from Gaza City, now studying at the Sorbonne Nouvelle, Paris. At the age of fifteen, 2020, she won the Barjeel Poetry Prize for her poem \u201cI didn\u2019t steal the cloud,\u201d which was published in the Beirut-based magazine <em>Rusted Radishes<\/em> thereafter. Abu Akleen\u2019s poetry has been translated into several languages and featured in numerous international publications, including <em>ArabLit<\/em> and <em>The Massachusetts Review<\/em>, amongst others. Her poem \u201cGunpowder\u201d was awarded third place in the 2025 <em>London Magazine<\/em> poetry prize, and her work was included in the July 2024 issue of <em>Modern Poetry in Translation<\/em>, \u201cSalam to Gaza.\u201dAbu Akleen was <em>Modern Poetry in Translation<\/em>\u2019s 2024 \u201cPoet \/ Translator in Residence.\u201d Her poetry has appeared in editors Mohammed Al-Zaqzooq and Mahmoud Alshaer\u2019s anthology, <em>Letters from Gaza<\/em> (Penguin, 2025) and \u2014 alongside Nahil Mohan, Sondos Sabra, and Ala\u2019a Obaid \u2014 she is one of the four Gazan authors included in <em>Voices of Resistance: Diaries of Genocide <\/em>(Biblioasis \/ Comma Press, 2025). Alongside Rim Aoude, Liam Honran, Zaffar Kunial, Peter Oswald, and Alice Oswald, Abu Akleen was a mentor for the \u201cHand\u2019s Up\u201d Project (SOAS, University of London), resulting in the publication, <em>From Dust We Rise: New Poetry from Palestine <\/em>(2025). Her d\u00e9but poetry collection, <em>48Kg.<\/em> (Tenement Press, 2025), will be republished by Penguin in 2026.<\/p>\n\n\n\n<p><strong>Sarah Aziza<\/strong> (<a href=\"https:\/\/books.catapult.co\/books\/the-hollow-half\/\"><em>The Hollow Half<\/em><\/a>, Catapult, 2025) is a Palestinian American writer, translator, and artist with roots in \u2018Ibdis and Deir al-Balah, Gaza. The recipient of a Fulbright fellowship and numerous grants from the Pulitzer Center for Crisis Reporting, she has lived and worked in Saudi Arabia, Algeria, Jordan, South Africa, the West Bank, and the United States. Her award-winning journalism, poetry, essays, and experimental nonfiction have appeared in&nbsp;<em>The New Yorker<\/em>,&nbsp;<em>The Baffler<\/em>,&nbsp;<em>Harper\u2019s Magazine<\/em>,&nbsp;<em>Mizna<\/em>,&nbsp;<em>Lux<\/em>,&nbsp;<em>The Washington Post<\/em>,&nbsp;<em>The Intercept<\/em>,&nbsp;<em>The Rumpus<\/em>, NPR,&nbsp;<em>The Margins<\/em>, and&nbsp;<em>The Nation<\/em>, among other publications.<\/p>\n\n\n\n<p><strong>Jess Housty<\/strong> (<a href=\"https:\/\/nightwoodeditions.com\/collections\/jess-housty\/products\/9780889714502\"><em>Crushed Wild Mint<\/em><\/a>, Nightwood Editions, 2023) is a parent, writer, and land-based educator from the Ha\u00ed\u026bzaqv (Heiltsuk) Nation in Bella Bella. They live and work in their unceded ancestral homelands where they focus their practice on community building, food sovereignty, and Indigenous culture and language resurgence. Housty is the author of d\u00e9but poetry collection <em>Crushed Wild Mint<\/em> and a forthcoming poetry collection called <em>How to Nourish a Cannibal<\/em>&nbsp;(Nightwood Editions, 2026). In addition, their work can be found in <em>Room Magazine<\/em>, <em>The Tyee<\/em>, <em>Hakai Magazine<\/em>, and various collections and anthologies.<\/p>\n\n\n\n<p><strong>Sara Kishawi<\/strong> is a Palestinian community organizer and Sociology graduate from Vancouver Island University. Originally from Gaza, she has been a leading voice in campus and community organizing, and served as the spokesperson for the VIU Palestine Solidarity Encampment. Through rallies, protests, and public talks, she works to raise awareness about the genocide in Gaza and encourages others to take meaningful action in support of Palestinian human rights.<\/p>\n\n\n\n<p><strong>Hajer Mirwali <\/strong>(<a href=\"https:\/\/talonbooks.com\/books\/revolutions\"><em>Revolutions<\/em><\/a>, Talonbooks, 2025) is a Palestinian and Iraqi writer living in Toronto. Her first book, <em>Revolutions<\/em>, is a collection of poetry on shame, pleasure, and Arab Muslim girlhood. Two poems from the collection also appear in an anthology of Palestinian poetry called <em>Heaven Looks Like Us<\/em>&nbsp;(Haymarket Books, 2025). Mirwali\u2019s work has been published in <em>The Ex-Puritan<\/em>, <em>Brick Magazine<\/em>, <em>Room Magazine<\/em>, and <em>Joyland<\/em>.<\/p>\n\n\n\n<p><strong>Magnolia Pauker<\/strong> (<a href=\"https:\/\/link.springer.com\/book\/10.1057\/978-1-349-95192-5\"><em>InterViews in Performance Philosophy: Crossings and Conversations<\/em><\/a>, Palgrave MacMillan, 2017) is an undisciplined scholar, Professor of Studies in Women and Gender at Vancouver Island University, and co-founder of Transnational Feminist Partnerships for Collective Liberation with Sudanese advocate for peace and justice, Amel Aldehaib, an activist project rooted in solidarity as the political practice of decolonial love and collective liberation.<\/p>\n\n\n\n<p><strong>Zeina Sleiman<\/strong> (<a href=\"https:\/\/fernwoodpublishing.ca\/book\/where-the-jasmine-blooms\"><em>Where the Jasmine Blooms<\/em><\/a>, Roseway Publishing, 2025) is a Palestinian writer and academic based out of amiskwac\u00eew\u00e2skahikan (Edmonton). Her d\u00e9but <em>Where the Jasmine Blooms <\/em>is an Evergreen Award Finalist and her story \u201cMy Father\u2019s Soil\u201d was a finalist for the CBC Short Story Prize in 2025. She has a PhD in Political Science and is also the author of <em>Sanctuary Regions and the Struggle for Belonging<\/em> (Palgrave, 2020).<\/p>\n\n\n\n<p><strong>Smokii Sumac<\/strong> (<a href=\"https:\/\/fernwoodpublishing.ca\/book\/born-sacred\"><em>Born Sacred: Poems for Palestine<\/em><\/a>, Roseway Publishing, 2025) is a Ktunaxa two-spirit poet and emerging playwright. Their first book, <em>you are enough: love poems for the end of the world<\/em>&nbsp;(Kegedonce Press, 2018), won an Indigenous Voices Award. Indigenous sovereignty and centring our own knowledges is deeply important to Sumac\u2019s creative work. He believes in the power of storytelling and has featured Indigenous writers and musicians on&nbsp;<em>The \u0294asqanaki Podcast<\/em>,&nbsp;a limited podcast series that Sumac created and hosts. Their first play,&nbsp;<em>Seven and One Heart<\/em>,&nbsp;was workshopped in Montreal and developed in Toronto during the 2024 Weesageechak Begins to Dance festival. Sumac will be also releasing a Canada Council-funded spoken word album. Sumac is happy to live in his home territories of \u0294amak\u0294is Ktunaxa, near the banks of the Kootenay River, with his husband, their cats, chicken, and a \u201cbig ole rez dog\u201d named Kootenay Lou.<\/p>\n\n\n\n<hr class=\"wp-block-separator has-alpha-channel-opacity\" \/>\n\n\n\n<figure class=\"wp-block-image size-large\"><img loading=\"lazy\" decoding=\"async\" width=\"1024\" height=\"559\" src=\"https:\/\/wordpress.viu.ca\/pallit\/files\/2025\/10\/B355-1024x559.png\" alt=\"\" class=\"wp-image-271\" srcset=\"https:\/\/wordpress.viu.ca\/pallit\/files\/2025\/10\/B355-1024x559.png 1024w, https:\/\/wordpress.viu.ca\/pallit\/files\/2025\/10\/B355-300x164.png 300w, https:\/\/wordpress.viu.ca\/pallit\/files\/2025\/10\/B355-768x419.png 768w, https:\/\/wordpress.viu.ca\/pallit\/files\/2025\/10\/B355.png 1309w\" sizes=\"auto, (max-width: 1024px) 100vw, 1024px\" \/><\/figure>\n\n\n\n<p><\/p>\n\n\n\n<details class=\"wp-block-details is-layout-flow wp-block-details-is-layout-flow\"><summary>For more information about the Watermelon Seeds Festival:<br><\/summary>\n<p>watermelon.seeds.litfest[at]protonmail.com<\/p>\n<\/details>\n","protected":false},"excerpt":{"rendered":"<p>Link to the students\u2019 legal defence fund. Third annual Watermelon Seeds Festival of Literature. Internationally acclaimed and award-winning writers read in solidarity with the Palestinian people in a time of [&hellip;]<\/p>\n","protected":false},"author":5690,"featured_media":0,"parent":0,"menu_order":0,"comment_status":"closed","ping_status":"closed","template":"","meta":{"footnotes":""},"class_list":["post-278","page","type-page","status-publish","hentry"],"_links":{"self":[{"href":"https:\/\/wordpress.viu.ca\/pallit\/wp-json\/wp\/v2\/pages\/278","targetHints":{"allow":["GET"]}}],"collection":[{"href":"https:\/\/wordpress.viu.ca\/pallit\/wp-json\/wp\/v2\/pages"}],"about":[{"href":"https:\/\/wordpress.viu.ca\/pallit\/wp-json\/wp\/v2\/types\/page"}],"author":[{"embeddable":true,"href":"https:\/\/wordpress.viu.ca\/pallit\/wp-json\/wp\/v2\/users\/5690"}],"replies":[{"embeddable":true,"href":"https:\/\/wordpress.viu.ca\/pallit\/wp-json\/wp\/v2\/comments?post=278"}],"version-history":[{"count":13,"href":"https:\/\/wordpress.viu.ca\/pallit\/wp-json\/wp\/v2\/pages\/278\/revisions"}],"predecessor-version":[{"id":303,"href":"https:\/\/wordpress.viu.ca\/pallit\/wp-json\/wp\/v2\/pages\/278\/revisions\/303"}],"wp:attachment":[{"href":"https:\/\/wordpress.viu.ca\/pallit\/wp-json\/wp\/v2\/media?parent=278"}],"curies":[{"name":"wp","href":"https:\/\/api.w.org\/{rel}","templated":true}]}}